{"id":864,"date":"2022-04-26T19:31:50","date_gmt":"2022-04-26T12:31:50","guid":{"rendered":"https:\/\/xbt.vn\/?page_id=864"},"modified":"2022-04-26T19:34:38","modified_gmt":"2022-04-26T12:34:38","slug":"nhaps","status":"publish","type":"page","link":"https:\/\/xbt.vn\/vi\/nhaps\/","title":{"rendered":"Nhaps"},"content":{"rendered":"<div data-elementor-type=\"wp-page\" data-elementor-id=\"864\" class=\"elementor elementor-864\">\n\t\t\t\t\t\t\t\t\t<section class=\"elementor-section elementor-top-section elementor-element elementor-element-54cf02e elementor-section-full_width elementor-section-height-default elementor-section-height-default\" data-id=\"54cf02e\" data-element_type=\"section\">\n\t\t\t\t\t\t<div class=\"elementor-container elementor-column-gap-default\">\n\t\t\t\t\t<div class=\"elementor-column elementor-col-100 elementor-top-column elementor-element elementor-element-ded6046\" data-id=\"ded6046\" data-element_type=\"column\">\n\t\t\t<div class=\"elementor-widget-wrap elementor-element-populated\">\n\t\t\t\t\t\t\t\t<div class=\"elementor-element elementor-element-b56cd87 elementor-widget elementor-widget-heading\" data-id=\"b56cd87\" data-element_type=\"widget\" data-widget_type=\"heading.default\">\n\t\t\t\t<div class=\"elementor-widget-container\">\n\t\t\t<style>\/*! elementor - v3.13.3 - 28-05-2023 *\/\n.elementor-heading-title{padding:0;margin:0;line-height:1}.elementor-widget-heading .elementor-heading-title[class*=elementor-size-]>a{color:inherit;font-size:inherit;line-height:inherit}.elementor-widget-heading .elementor-heading-title.elementor-size-small{font-size:15px}.elementor-widget-heading .elementor-heading-title.elementor-size-medium{font-size:19px}.elementor-widget-heading .elementor-heading-title.elementor-size-large{font-size:29px}.elementor-widget-heading .elementor-heading-title.elementor-size-xl{font-size:39px}.elementor-widget-heading .elementor-heading-title.elementor-size-xxl{font-size:59px}<\/style><h2 class=\"elementor-heading-title elementor-size-default\">S\u1ea2N PH\u1ea8M 3R-MEDIA<\/h2>\t\t<\/div>\n\t\t\t\t<\/div>\n\t\t\t\t<div class=\"elementor-element elementor-element-6c6e120 elementor-widget-divider--view-line_icon elementor-view-default elementor-widget-divider--element-align-center elementor-widget elementor-widget-divider\" data-id=\"6c6e120\" data-element_type=\"widget\" data-widget_type=\"divider.default\">\n\t\t\t\t<div class=\"elementor-widget-container\">\n\t\t\t<style>\/*! elementor - v3.13.3 - 28-05-2023 *\/\n.elementor-widget-divider{--divider-border-style:none;--divider-border-width:1px;--divider-color:#0c0d0e;--divider-icon-size:20px;--divider-element-spacing:10px;--divider-pattern-height:24px;--divider-pattern-size:20px;--divider-pattern-url:none;--divider-pattern-repeat:repeat-x}.elementor-widget-divider .elementor-divider{display:flex}.elementor-widget-divider .elementor-divider__text{font-size:15px;line-height:1;max-width:95%}.elementor-widget-divider .elementor-divider__element{margin:0 var(--divider-element-spacing);flex-shrink:0}.elementor-widget-divider .elementor-icon{font-size:var(--divider-icon-size)}.elementor-widget-divider .elementor-divider-separator{display:flex;margin:0;direction:ltr}.elementor-widget-divider--view-line_icon .elementor-divider-separator,.elementor-widget-divider--view-line_text .elementor-divider-separator{align-items:center}.elementor-widget-divider--view-line_icon .elementor-divider-separator:after,.elementor-widget-divider--view-line_icon .elementor-divider-separator:before,.elementor-widget-divider--view-line_text .elementor-divider-separator:after,.elementor-widget-divider--view-line_text .elementor-divider-separator:before{display:block;content:\"\";border-bottom:0;flex-grow:1;border-top:var(--divider-border-width) var(--divider-border-style) var(--divider-color)}.elementor-widget-divider--element-align-left .elementor-divider .elementor-divider-separator>.elementor-divider__svg:first-of-type{flex-grow:0;flex-shrink:100}.elementor-widget-divider--element-align-left .elementor-divider-separator:before{content:none}.elementor-widget-divider--element-align-left .elementor-divider__element{margin-left:0}.elementor-widget-divider--element-align-right .elementor-divider .elementor-divider-separator>.elementor-divider__svg:last-of-type{flex-grow:0;flex-shrink:100}.elementor-widget-divider--element-align-right .elementor-divider-separator:after{content:none}.elementor-widget-divider--element-align-right .elementor-divider__element{margin-right:0}.elementor-widget-divider:not(.elementor-widget-divider--view-line_text):not(.elementor-widget-divider--view-line_icon) .elementor-divider-separator{border-top:var(--divider-border-width) var(--divider-border-style) var(--divider-color)}.elementor-widget-divider--separator-type-pattern{--divider-border-style:none}.elementor-widget-divider--separator-type-pattern.elementor-widget-divider--view-line .elementor-divider-separator,.elementor-widget-divider--separator-type-pattern:not(.elementor-widget-divider--view-line) .elementor-divider-separator:after,.elementor-widget-divider--separator-type-pattern:not(.elementor-widget-divider--view-line) .elementor-divider-separator:before,.elementor-widget-divider--separator-type-pattern:not([class*=elementor-widget-divider--view]) .elementor-divider-separator{width:100%;min-height:var(--divider-pattern-height);-webkit-mask-size:var(--divider-pattern-size) 100%;mask-size:var(--divider-pattern-size) 100%;-webkit-mask-repeat:var(--divider-pattern-repeat);mask-repeat:var(--divider-pattern-repeat);background-color:var(--divider-color);-webkit-mask-image:var(--divider-pattern-url);mask-image:var(--divider-pattern-url)}.elementor-widget-divider--no-spacing{--divider-pattern-size:auto}.elementor-widget-divider--bg-round{--divider-pattern-repeat:round}.rtl .elementor-widget-divider .elementor-divider__text{direction:rtl}.e-con-inner>.elementor-widget-divider,.e-con>.elementor-widget-divider{width:var(--container-widget-width,100%);--flex-grow:var(--container-widget-flex-grow)}<\/style>\t\t<div class=\"elementor-divider\">\n\t\t\t<span class=\"elementor-divider-separator\">\n\t\t\t\t\t\t\t<div class=\"elementor-icon elementor-divider__element\">\n\t\t\t\t\t<i aria-hidden=\"true\" class=\"fas fa-sun\"><\/i><\/div>\n\t\t\t\t\t\t<\/span>\n\t\t<\/div>\n\t\t\t\t<\/div>\n\t\t\t\t<\/div>\n\t\t\t\t\t<\/div>\n\t\t<\/div>\n\t\t\t\t\t\t\t<\/div>\n\t\t<\/section>\n\t\t\t\t<section class=\"elementor-section elementor-top-section elementor-element elementor-element-fbdb3ed elementor-section-full_width elementor-section-height-default elementor-section-height-default\" data-id=\"fbdb3ed\" data-element_type=\"section\">\n\t\t\t\t\t\t<div class=\"elementor-container elementor-column-gap-default\">\n\t\t\t\t\t<div class=\"elementor-column elementor-col-50 elementor-top-column elementor-element elementor-element-2f44a05\" data-id=\"2f44a05\" data-element_type=\"column\">\n\t\t\t<div class=\"elementor-widget-wrap elementor-element-populated\">\n\t\t\t\t\t\t\t\t<div class=\"elementor-element elementor-element-3d2629d elementor-position-top elementor-vertical-align-top elementor-widget elementor-widget-image-box\" data-id=\"3d2629d\" data-element_type=\"widget\" data-widget_type=\"image-box.default\">\n\t\t\t\t<div class=\"elementor-widget-container\">\n\t\t\t<style>\/*! elementor - v3.13.3 - 28-05-2023 *\/\n.elementor-widget-image-box .elementor-image-box-content{width:100%}@media (min-width:768px){.elementor-widget-image-box.elementor-position-left .elementor-image-box-wrapper,.elementor-widget-image-box.elementor-position-right .elementor-image-box-wrapper{display:flex}.elementor-widget-image-box.elementor-position-right .elementor-image-box-wrapper{text-align:right;flex-direction:row-reverse}.elementor-widget-image-box.elementor-position-left .elementor-image-box-wrapper{text-align:left;flex-direction:row}.elementor-widget-image-box.elementor-position-top .elementor-image-box-img{margin:auto}.elementor-widget-image-box.elementor-vertical-align-top .elementor-image-box-wrapper{align-items:flex-start}.elementor-widget-image-box.elementor-vertical-align-middle .elementor-image-box-wrapper{align-items:center}.elementor-widget-image-box.elementor-vertical-align-bottom .elementor-image-box-wrapper{align-items:flex-end}}@media (max-width:767px){.elementor-widget-image-box .elementor-image-box-img{margin-left:auto!important;margin-right:auto!important;margin-bottom:15px}}.elementor-widget-image-box .elementor-image-box-img{display:inline-block}.elementor-widget-image-box .elementor-image-box-title a{color:inherit}.elementor-widget-image-box .elementor-image-box-wrapper{text-align:center}.elementor-widget-image-box .elementor-image-box-description{margin:0}<\/style><div class=\"elementor-image-box-wrapper\"><figure class=\"elementor-image-box-img\"><img loading=\"lazy\" decoding=\"async\" width=\"1116\" height=\"828\" src=\"https:\/\/xbt.vn\/wp-content\/uploads\/2022\/04\/Kenh-Tivi-Sieu-Thi.jpg\" class=\"elementor-animation-grow attachment-full size-full wp-image-24\" alt=\"\" srcset=\"https:\/\/xbt.vn\/wp-content\/uploads\/2022\/04\/Kenh-Tivi-Sieu-Thi.jpg 1116w, https:\/\/xbt.vn\/wp-content\/uploads\/2022\/04\/Kenh-Tivi-Sieu-Thi-300x223.jpg 300w, https:\/\/xbt.vn\/wp-content\/uploads\/2022\/04\/Kenh-Tivi-Sieu-Thi-1024x760.jpg 1024w, https:\/\/xbt.vn\/wp-content\/uploads\/2022\/04\/Kenh-Tivi-Sieu-Thi-768x570.jpg 768w\" sizes=\"auto, (max-width: 1116px) 100vw, 1116px\" \/><\/figure><div class=\"elementor-image-box-content\"><h3 class=\"elementor-image-box-title\">K\u00eanh tivi si\u00eau th\u1ecb<\/h3><\/div><\/div>\t\t<\/div>\n\t\t\t\t<\/div>\n\t\t\t\t\t<\/div>\n\t\t<\/div>\n\t\t\t\t<div class=\"elementor-column elementor-col-50 elementor-top-column elementor-element elementor-element-5ec7549\" data-id=\"5ec7549\" data-element_type=\"column\">\n\t\t\t<div class=\"elementor-widget-wrap elementor-element-populated\">\n\t\t\t\t\t\t\t\t<section class=\"elementor-section elementor-inner-section elementor-element elementor-element-43ba044 elementor-section-boxed elementor-section-height-default elementor-section-height-default\" data-id=\"43ba044\" data-element_type=\"section\">\n\t\t\t\t\t\t<div class=\"elementor-container elementor-column-gap-default\">\n\t\t\t\t\t<div class=\"elementor-column elementor-col-50 elementor-inner-column elementor-element elementor-element-f1d81fd\" data-id=\"f1d81fd\" data-element_type=\"column\">\n\t\t\t<div class=\"elementor-widget-wrap elementor-element-populated\">\n\t\t\t\t\t\t\t\t<div class=\"elementor-element elementor-element-317f2d0 elementor-position-top elementor-vertical-align-top elementor-widget elementor-widget-image-box\" data-id=\"317f2d0\" data-element_type=\"widget\" data-widget_type=\"image-box.default\">\n\t\t\t\t<div class=\"elementor-widget-container\">\n\t\t\t<div class=\"elementor-image-box-wrapper\"><figure class=\"elementor-image-box-img\"><img loading=\"lazy\" decoding=\"async\" width=\"901\" height=\"669\" src=\"https:\/\/xbt.vn\/wp-content\/uploads\/2022\/04\/san-pham-quang-cao-thang-may-01.jpg\" class=\"elementor-animation-grow attachment-full size-full wp-image-11\" alt=\"\" srcset=\"https:\/\/xbt.vn\/wp-content\/uploads\/2022\/04\/san-pham-quang-cao-thang-may-01.jpg 901w, https:\/\/xbt.vn\/wp-content\/uploads\/2022\/04\/san-pham-quang-cao-thang-may-01-300x223.jpg 300w, https:\/\/xbt.vn\/wp-content\/uploads\/2022\/04\/san-pham-quang-cao-thang-may-01-768x570.jpg 768w\" sizes=\"auto, (max-width: 901px) 100vw, 901px\" \/><\/figure><div class=\"elementor-image-box-content\"><h3 class=\"elementor-image-box-title\">K\u00eanh tivi thang m\u00e1y<\/h3><\/div><\/div>\t\t<\/div>\n\t\t\t\t<\/div>\n\t\t\t\t\t<\/div>\n\t\t<\/div>\n\t\t\t\t<div class=\"elementor-column elementor-col-50 elementor-inner-column elementor-element elementor-element-5e6eb93\" data-id=\"5e6eb93\" data-element_type=\"column\">\n\t\t\t<div class=\"elementor-widget-wrap elementor-element-populated\">\n\t\t\t\t\t\t\t\t<div class=\"elementor-element elementor-element-a515d99 elementor-position-top elementor-vertical-align-top elementor-widget elementor-widget-image-box\" data-id=\"a515d99\" data-element_type=\"widget\" data-widget_type=\"image-box.default\">\n\t\t\t\t<div class=\"elementor-widget-container\">\n\t\t\t<div class=\"elementor-image-box-wrapper\"><figure class=\"elementor-image-box-img\"><img loading=\"lazy\" decoding=\"async\" width=\"1200\" height=\"890\" src=\"https:\/\/xbt.vn\/wp-content\/uploads\/2022\/04\/Kenh-Poster-Thang-May.jpg\" class=\"elementor-animation-grow attachment-full size-full wp-image-28\" alt=\"\" srcset=\"https:\/\/xbt.vn\/wp-content\/uploads\/2022\/04\/Kenh-Poster-Thang-May.jpg 1200w, https:\/\/xbt.vn\/wp-content\/uploads\/2022\/04\/Kenh-Poster-Thang-May-300x223.jpg 300w, https:\/\/xbt.vn\/wp-content\/uploads\/2022\/04\/Kenh-Poster-Thang-May-1024x759.jpg 1024w, https:\/\/xbt.vn\/wp-content\/uploads\/2022\/04\/Kenh-Poster-Thang-May-768x570.jpg 768w\" sizes=\"auto, (max-width: 1200px) 100vw, 1200px\" \/><\/figure><div class=\"elementor-image-box-content\"><h3 class=\"elementor-image-box-title\">K\u00eanh Poster S\u00e2n Bay<\/h3><\/div><\/div>\t\t<\/div>\n\t\t\t\t<\/div>\n\t\t\t\t\t<\/div>\n\t\t<\/div>\n\t\t\t\t\t\t\t<\/div>\n\t\t<\/section>\n\t\t\t\t<section class=\"elementor-section elementor-inner-section elementor-element elementor-element-9075f8d elementor-section-boxed elementor-section-height-default elementor-section-height-default\" data-id=\"9075f8d\" data-element_type=\"section\">\n\t\t\t\t\t\t<div class=\"elementor-container elementor-column-gap-default\">\n\t\t\t\t\t<div class=\"elementor-column elementor-col-50 elementor-inner-column elementor-element elementor-element-7c6d2e9\" data-id=\"7c6d2e9\" data-element_type=\"column\">\n\t\t\t<div class=\"elementor-widget-wrap elementor-element-populated\">\n\t\t\t\t\t\t\t\t<div class=\"elementor-element elementor-element-90ae20f elementor-position-top elementor-vertical-align-top elementor-widget elementor-widget-image-box\" data-id=\"90ae20f\" data-element_type=\"widget\" data-widget_type=\"image-box.default\">\n\t\t\t\t<div class=\"elementor-widget-container\">\n\t\t\t<div class=\"elementor-image-box-wrapper\"><figure class=\"elementor-image-box-img\"><img loading=\"lazy\" decoding=\"async\" width=\"1098\" height=\"815\" src=\"https:\/\/xbt.vn\/wp-content\/uploads\/2022\/04\/san-pham-den-led-san-bay.jpg\" class=\"elementor-animation-grow attachment-full size-full wp-image-21\" alt=\"\" srcset=\"https:\/\/xbt.vn\/wp-content\/uploads\/2022\/04\/san-pham-den-led-san-bay.jpg 1098w, https:\/\/xbt.vn\/wp-content\/uploads\/2022\/04\/san-pham-den-led-san-bay-300x223.jpg 300w, https:\/\/xbt.vn\/wp-content\/uploads\/2022\/04\/san-pham-den-led-san-bay-1024x760.jpg 1024w, https:\/\/xbt.vn\/wp-content\/uploads\/2022\/04\/san-pham-den-led-san-bay-768x570.jpg 768w\" sizes=\"auto, (max-width: 1098px) 100vw, 1098px\" \/><\/figure><div class=\"elementor-image-box-content\"><h3 class=\"elementor-image-box-title\">K\u00eanh Led S\u00e2n bay<\/h3><\/div><\/div>\t\t<\/div>\n\t\t\t\t<\/div>\n\t\t\t\t\t<\/div>\n\t\t<\/div>\n\t\t\t\t<div class=\"elementor-column elementor-col-50 elementor-inner-column elementor-element elementor-element-dd24626\" data-id=\"dd24626\" data-element_type=\"column\">\n\t\t\t<div class=\"elementor-widget-wrap elementor-element-populated\">\n\t\t\t\t\t\t\t\t<div class=\"elementor-element elementor-element-355e28f elementor-position-top elementor-vertical-align-top elementor-widget elementor-widget-image-box\" data-id=\"355e28f\" data-element_type=\"widget\" data-widget_type=\"image-box.default\">\n\t\t\t\t<div class=\"elementor-widget-container\">\n\t\t\t<div class=\"elementor-image-box-wrapper\"><figure class=\"elementor-image-box-img\"><img loading=\"lazy\" decoding=\"async\" width=\"1140\" height=\"846\" src=\"https:\/\/xbt.vn\/wp-content\/uploads\/2022\/04\/Kenh-Poster-San-Bay.jpg\" class=\"elementor-animation-grow attachment-full size-full wp-image-23\" alt=\"\" srcset=\"https:\/\/xbt.vn\/wp-content\/uploads\/2022\/04\/Kenh-Poster-San-Bay.jpg 1140w, https:\/\/xbt.vn\/wp-content\/uploads\/2022\/04\/Kenh-Poster-San-Bay-300x223.jpg 300w, https:\/\/xbt.vn\/wp-content\/uploads\/2022\/04\/Kenh-Poster-San-Bay-1024x760.jpg 1024w, https:\/\/xbt.vn\/wp-content\/uploads\/2022\/04\/Kenh-Poster-San-Bay-768x570.jpg 768w\" sizes=\"auto, (max-width: 1140px) 100vw, 1140px\" \/><\/figure><div class=\"elementor-image-box-content\"><h3 class=\"elementor-image-box-title\">K\u00eanh Poster S\u00e2n bay<\/h3><\/div><\/div>\t\t<\/div>\n\t\t\t\t<\/div>\n\t\t\t\t\t<\/div>\n\t\t<\/div>\n\t\t\t\t\t\t\t<\/div>\n\t\t<\/section>\n\t\t\t\t\t<\/div>\n\t\t<\/div>\n\t\t\t\t\t\t\t<\/div>\n\t\t<\/section>\n\t\t\t\t\t\t\t<\/div>","protected":false},"excerpt":{"rendered":"<p>S\u1ea2N PH\u1ea8M 3R-MEDIA K\u00eanh tivi si\u00eau th\u1ecb K\u00eanh tivi thang m\u00e1y K\u00eanh Poster S\u00e2n Bay K\u00eanh Led S\u00e2n bay K\u00eanh Poster S\u00e2n bay<\/p>","protected":false},"author":1,"featured_media":0,"parent":0,"menu_order":0,"comment_status":"closed","ping_status":"closed","template":"","meta":{"footnotes":""},"class_list":["post-864","page","type-page","status-publish","hentry"],"yoast_head":"<!-- This site is optimized with the Yoast SEO plugin v20.9 - https:\/\/yoast.com\/wordpress\/plugins\/seo\/ -->\n<title>Nhaps - Xuan Bang Truong Import Export Co., Ltd<\/title>\n<meta name=\"robots\" content=\"index, follow, max-snippet:-1, max-image-preview:large, max-video-preview:-1\" \/>\n<link rel=\"canonical\" href=\"https:\/\/xbt.vn\/vi\/nhaps\/\" \/>\n<meta property=\"og:locale\" content=\"vi_VN\" \/>\n<meta property=\"og:type\" content=\"article\" \/>\n<meta property=\"og:title\" content=\"Nhaps - Xuan Bang Truong Import Export Co., Ltd\" \/>\n<meta property=\"og:description\" content=\"S\u1ea2N PH\u1ea8M 3R-MEDIA K\u00eanh tivi si\u00eau th\u1ecb K\u00eanh tivi thang m\u00e1y K\u00eanh Poster S\u00e2n Bay K\u00eanh Led S\u00e2n bay K\u00eanh Poster S\u00e2n bay\" \/>\n<meta property=\"og:url\" content=\"https:\/\/xbt.vn\/vi\/nhaps\/\" \/>\n<meta property=\"og:site_name\" content=\"Xuan Bang Truong Import Export Co., Ltd\" \/>\n<meta property=\"article:modified_time\" content=\"2022-04-26T12:34:38+00:00\" \/>\n<meta property=\"og:image\" content=\"https:\/\/xbt.vn\/wp-content\/uploads\/2022\/04\/Kenh-Tivi-Sieu-Thi.jpg\" \/>\n<meta name=\"twitter:card\" content=\"summary_large_image\" \/>\n<meta name=\"twitter:label1\" content=\"\u01af\u1edbc t\u00ednh th\u1eddi gian \u0111\u1ecdc\" \/>\n\t<meta name=\"twitter:data1\" content=\"2 ph\u00fat\" \/>\n<script type=\"application\/ld+json\" class=\"yoast-schema-graph\">{\"@context\":\"https:\/\/schema.org\",\"@graph\":[{\"@type\":\"WebPage\",\"@id\":\"https:\/\/xbt.vn\/nhaps\/\",\"url\":\"https:\/\/xbt.vn\/nhaps\/\",\"name\":\"Nhaps - Xuan Bang Truong Import Export Co., Ltd\",\"isPartOf\":{\"@id\":\"https:\/\/xbt.vn\/#website\"},\"datePublished\":\"2022-04-26T12:31:50+00:00\",\"dateModified\":\"2022-04-26T12:34:38+00:00\",\"breadcrumb\":{\"@id\":\"https:\/\/xbt.vn\/nhaps\/#breadcrumb\"},\"inLanguage\":\"vi\",\"potentialAction\":[{\"@type\":\"ReadAction\",\"target\":[\"https:\/\/xbt.vn\/nhaps\/\"]}]},{\"@type\":\"BreadcrumbList\",\"@id\":\"https:\/\/xbt.vn\/nhaps\/#breadcrumb\",\"itemListElement\":[{\"@type\":\"ListItem\",\"position\":1,\"name\":\"Home\",\"item\":\"https:\/\/xbt.vn\/\"},{\"@type\":\"ListItem\",\"position\":2,\"name\":\"Nhaps\"}]},{\"@type\":\"WebSite\",\"@id\":\"https:\/\/xbt.vn\/#website\",\"url\":\"https:\/\/xbt.vn\/\",\"name\":\"Xuan Bang Truong Import Export Co., Ltd\",\"description\":\"For a cleaner environment\",\"publisher\":{\"@id\":\"https:\/\/xbt.vn\/#organization\"},\"potentialAction\":[{\"@type\":\"SearchAction\",\"target\":{\"@type\":\"EntryPoint\",\"urlTemplate\":\"https:\/\/xbt.vn\/?s={search_term_string}\"},\"query-input\":\"required name=search_term_string\"}],\"inLanguage\":\"vi\"},{\"@type\":\"Organization\",\"@id\":\"https:\/\/xbt.vn\/#organization\",\"name\":\"Xuan Bang Truong Import Export Co., Ltd\",\"url\":\"https:\/\/xbt.vn\/\",\"logo\":{\"@type\":\"ImageObject\",\"inLanguage\":\"vi\",\"@id\":\"https:\/\/xbt.vn\/#\/schema\/logo\/image\/\",\"url\":\"https:\/\/xbt.vn\/wp-content\/uploads\/2023\/04\/thumnail-social.jpg\",\"contentUrl\":\"https:\/\/xbt.vn\/wp-content\/uploads\/2023\/04\/thumnail-social.jpg\",\"width\":800,\"height\":450,\"caption\":\"Xuan Bang Truong Import Export Co., Ltd\"},\"image\":{\"@id\":\"https:\/\/xbt.vn\/#\/schema\/logo\/image\/\"}}]}<\/script>\n<!-- \/ Yoast SEO plugin. -->","yoast_head_json":{"title":"Nhaps - Xuan Bang Truong Import Export Co., Ltd","robots":{"index":"index","follow":"follow","max-snippet":"max-snippet:-1","max-image-preview":"max-image-preview:large","max-video-preview":"max-video-preview:-1"},"canonical":"https:\/\/xbt.vn\/vi\/nhaps\/","og_locale":"vi_VN","og_type":"article","og_title":"Nhaps - Xuan Bang Truong Import Export Co., Ltd","og_description":"S\u1ea2N PH\u1ea8M 3R-MEDIA K\u00eanh tivi si\u00eau th\u1ecb K\u00eanh tivi thang m\u00e1y K\u00eanh Poster S\u00e2n Bay K\u00eanh Led S\u00e2n bay K\u00eanh Poster S\u00e2n bay","og_url":"https:\/\/xbt.vn\/vi\/nhaps\/","og_site_name":"Xuan Bang Truong Import Export Co., Ltd","article_modified_time":"2022-04-26T12:34:38+00:00","og_image":[{"url":"https:\/\/xbt.vn\/wp-content\/uploads\/2022\/04\/Kenh-Tivi-Sieu-Thi.jpg"}],"twitter_card":"summary_large_image","twitter_misc":{"\u01af\u1edbc t\u00ednh th\u1eddi gian \u0111\u1ecdc":"2 ph\u00fat"},"schema":{"@context":"https:\/\/schema.org","@graph":[{"@type":"WebPage","@id":"https:\/\/xbt.vn\/nhaps\/","url":"https:\/\/xbt.vn\/nhaps\/","name":"Nhaps - Xuan Bang Truong Import Export Co., Ltd","isPartOf":{"@id":"https:\/\/xbt.vn\/#website"},"datePublished":"2022-04-26T12:31:50+00:00","dateModified":"2022-04-26T12:34:38+00:00","breadcrumb":{"@id":"https:\/\/xbt.vn\/nhaps\/#breadcrumb"},"inLanguage":"vi","potentialAction":[{"@type":"ReadAction","target":["https:\/\/xbt.vn\/nhaps\/"]}]},{"@type":"BreadcrumbList","@id":"https:\/\/xbt.vn\/nhaps\/#breadcrumb","itemListElement":[{"@type":"ListItem","position":1,"name":"Home","item":"https:\/\/xbt.vn\/"},{"@type":"ListItem","position":2,"name":"Nhaps"}]},{"@type":"WebSite","@id":"https:\/\/xbt.vn\/#website","url":"https:\/\/xbt.vn\/","name":"Xuan Bang Truong Import Export Co., Ltd","description":"For a cleaner environment","publisher":{"@id":"https:\/\/xbt.vn\/#organization"},"potentialAction":[{"@type":"SearchAction","target":{"@type":"EntryPoint","urlTemplate":"https:\/\/xbt.vn\/?s={search_term_string}"},"query-input":"required name=search_term_string"}],"inLanguage":"vi"},{"@type":"Organization","@id":"https:\/\/xbt.vn\/#organization","name":"Xuan Bang Truong Import Export Co., Ltd","url":"https:\/\/xbt.vn\/","logo":{"@type":"ImageObject","inLanguage":"vi","@id":"https:\/\/xbt.vn\/#\/schema\/logo\/image\/","url":"https:\/\/xbt.vn\/wp-content\/uploads\/2023\/04\/thumnail-social.jpg","contentUrl":"https:\/\/xbt.vn\/wp-content\/uploads\/2023\/04\/thumnail-social.jpg","width":800,"height":450,"caption":"Xuan Bang Truong Import Export Co., Ltd"},"image":{"@id":"https:\/\/xbt.vn\/#\/schema\/logo\/image\/"}}]}},"_links":{"self":[{"href":"https:\/\/xbt.vn\/vi\/wp-json\/wp\/v2\/pages\/864","targetHints":{"allow":["GET"]}}],"collection":[{"href":"https:\/\/xbt.vn\/vi\/wp-json\/wp\/v2\/pages"}],"about":[{"href":"https:\/\/xbt.vn\/vi\/wp-json\/wp\/v2\/types\/page"}],"author":[{"embeddable":true,"href":"https:\/\/xbt.vn\/vi\/wp-json\/wp\/v2\/users\/1"}],"replies":[{"embeddable":true,"href":"https:\/\/xbt.vn\/vi\/wp-json\/wp\/v2\/comments?post=864"}],"version-history":[{"count":0,"href":"https:\/\/xbt.vn\/vi\/wp-json\/wp\/v2\/pages\/864\/revisions"}],"wp:attachment":[{"href":"https:\/\/xbt.vn\/vi\/wp-json\/wp\/v2\/media?parent=864"}],"curies":[{"name":"wp","href":"https:\/\/api.w.org\/{rel}","templated":true}]}}